{"id":259,"date":"2022-05-26T13:14:21","date_gmt":"2022-05-26T13:14:21","guid":{"rendered":"https:\/\/www.navenucare.com\/satis-noktalari\/"},"modified":"2022-07-08T19:50:12","modified_gmt":"2022-07-08T19:50:12","slug":"sales-points","status":"publish","type":"page","link":"https:\/\/www.navenucare.com\/en\/sales-points\/","title":{"rendered":"Sales Points"},"content":{"rendered":"<section class=\"l-section wpb_row us_custom_72fc42ef height_small\"><div class=\"l-section-h i-cf\"><div class=\"g-cols via_grid cols_1 laptops-cols_inherit tablets-cols_inherit mobiles-cols_1 valign_top type_default\"><div class=\"wpb_column vc_column_container\"><div class=\"vc_column-inner\"><div class=\"wpb_text_column\"><div class=\"wpb_wrapper\"><h3 style=\"text-align: center;\">Sales Points<\/h3>\n<\/div><\/div><div class=\"wpb_text_column us_custom_45bfd3e0 has_text_color\"><div class=\"wpb_wrapper\"><p style=\"text-align: center;\">You can buy all of our products from our sales points and our website..<\/p>\n<\/div><\/div><\/div><\/div><\/div><\/div><\/section><section class=\"l-section wpb_row height_small\"><div class=\"l-section-h i-cf\"><div class=\"g-cols via_grid cols_1 laptops-cols_inherit tablets-cols_inherit mobiles-cols_1 valign_top type_default\"><div class=\"wpb_column vc_column_container\"><div class=\"vc_column-inner\"><div class=\"w-hwrapper align_center valign_top\"><div class=\"wpb_text_column us_custom_e4152d1a\"><div class=\"wpb_wrapper\"><p><strong>Onur Yener Kuaf\u00f6r<br \/><\/strong>\u015eenlik Mah. Ye\u015filada Sok. No:5\/1 Florya \u0130stanbul<\/p>\n<\/div><\/div><div class=\"wpb_text_column us_custom_e4152d1a\"><div class=\"wpb_wrapper\"><p><strong>Ey\u00fcp Sava\u015f Erkek Berberi<br \/><\/strong>G\u00f6rele Mah. \u0130stanbul Cad. No:9\/A Beykoz \u0130stanbul<\/p>\n<\/div><\/div><div class=\"wpb_text_column us_custom_e4152d1a\"><div class=\"wpb_wrapper\"><p><strong>\u00d6zlem Sa\u011f\u0131ro\u011flu Kuaf\u00f6r<\/strong> <br \/>Acarlar Mah. 3. Cad. No:10 Acarkent Beykoz \u0130stanbul<\/p>\n<\/div><\/div><\/div><div class=\"w-hwrapper us_custom_72fc42ef align_center valign_top\"><div class=\"wpb_text_column us_custom_e4152d1a\"><div class=\"wpb_wrapper\"><p><strong>Ay\u015fe G\u00fclen Kuaf\u00f6r<br \/><\/strong>G\u00f6rele Mah. \u0130stanbul Cad. No: 119\/B Beykoz \u0130stanbul<\/p>\n<\/div><\/div><div class=\"wpb_text_column us_custom_e4152d1a\"><div class=\"wpb_wrapper\"><p><strong>\u015eahin B\u0131y\u0131ko\u011flu Kuaf\u00f6r<br \/><\/strong>Acarlar Mah. 3. Cadde No: 10 Daire: 1 Acarkent Beykoz \u0130stanbul<\/p>\n<\/div><\/div><\/div><\/div><\/div><\/div><\/div><\/section>\n","protected":false},"excerpt":{"rendered":"Sales Points You can buy all of our products from our sales points and our website.. Onur Yener Kuaf\u00f6r\u015eenlik Mah. Ye\u015filada Sok. No:5\/1 Florya \u0130stanbul Ey\u00fcp Sava\u015f Erkek BerberiG\u00f6rele Mah. \u0130stanbul Cad. No:9\/A Beykoz \u0130stanbul \u00d6zlem Sa\u011f\u0131ro\u011flu Kuaf\u00f6r Acarlar Mah. 3. Cad. No:10 Acarkent Beykoz \u0130stanbul Ay\u015fe G\u00fclen Kuaf\u00f6rG\u00f6rele Mah. \u0130stanbul Cad. No: 119\/B Beykoz...","protected":false},"author":1,"featured_media":0,"parent":0,"menu_order":0,"comment_status":"closed","ping_status":"closed","template":"","meta":{"footnotes":""},"class_list":["post-259","page","type-page","status-publish","hentry"],"_links":{"self":[{"href":"https:\/\/www.navenucare.com\/en\/wp-json\/wp\/v2\/pages\/259","targetHints":{"allow":["GET"]}}],"collection":[{"href":"https:\/\/www.navenucare.com\/en\/wp-json\/wp\/v2\/pages"}],"about":[{"href":"https:\/\/www.navenucare.com\/en\/wp-json\/wp\/v2\/types\/page"}],"author":[{"embeddable":true,"href":"https:\/\/www.navenucare.com\/en\/wp-json\/wp\/v2\/users\/1"}],"replies":[{"embeddable":true,"href":"https:\/\/www.navenucare.com\/en\/wp-json\/wp\/v2\/comments?post=259"}],"version-history":[{"count":2,"href":"https:\/\/www.navenucare.com\/en\/wp-json\/wp\/v2\/pages\/259\/revisions"}],"predecessor-version":[{"id":261,"href":"https:\/\/www.navenucare.com\/en\/wp-json\/wp\/v2\/pages\/259\/revisions\/261"}],"wp:attachment":[{"href":"https:\/\/www.navenucare.com\/en\/wp-json\/wp\/v2\/media?parent=259"}],"curies":[{"name":"wp","href":"https:\/\/api.w.org\/{rel}","templated":true}]}}